{"id":4535,"date":"2018-09-03T08:11:59","date_gmt":"2018-09-03T07:11:59","guid":{"rendered":"http:\/\/www.mlinotest.si\/?page_id=4535"},"modified":"2023-09-14T15:12:07","modified_gmt":"2023-09-14T13:12:07","slug":"about-us","status":"publish","type":"page","link":"https:\/\/www.mlinotest.si\/en\/about-us\/","title":{"rendered":"About us"},"content":{"rendered":"<h4><strong>Mlinotest \u2013 a modern company with a tradition of 150 years.<\/strong><\/h4>\n<p><img decoding=\"async\" class=\"alignnone wp-image-53791 size-full\" src=\"http:\/\/www.mlinotest.si\/wp-content\/uploads\/2023\/09\/Mlinotest_WEB_003-nov-logo.jpg\" alt=\"\" width=\"2000\" height=\"1332\" srcset=\"https:\/\/www.mlinotest.si\/wp-content\/uploads\/2023\/09\/Mlinotest_WEB_003-nov-logo.jpg 2000w, https:\/\/www.mlinotest.si\/wp-content\/uploads\/2023\/09\/Mlinotest_WEB_003-nov-logo-300x200.jpg 300w, https:\/\/www.mlinotest.si\/wp-content\/uploads\/2023\/09\/Mlinotest_WEB_003-nov-logo-1024x682.jpg 1024w, https:\/\/www.mlinotest.si\/wp-content\/uploads\/2023\/09\/Mlinotest_WEB_003-nov-logo-768x511.jpg 768w, https:\/\/www.mlinotest.si\/wp-content\/uploads\/2023\/09\/Mlinotest_WEB_003-nov-logo-1536x1023.jpg 1536w, https:\/\/www.mlinotest.si\/wp-content\/uploads\/2023\/09\/Mlinotest_WEB_003-nov-logo-600x400.jpg 600w, https:\/\/www.mlinotest.si\/wp-content\/uploads\/2023\/09\/Mlinotest_WEB_003-nov-logo-450x300.jpg 450w\" sizes=\"(max-width: 2000px) 100vw, 2000px\" \/><\/p>\n<p>Mlinotest\u2019s tradition dates back to <strong>1867,<\/strong> when Wenzel Jochmann set up a mill on the River Hubelj in Ajdov\u0161\u010dina. It was a foundation for further development of activities, which continue at today&#8217;s Mlinotest, one of Slovenia\u2019s major food processing companies.<\/p>\n<p>Throughout this period, the company grew to an important milling, baking and pasta production company, investing in development and modern technology, strengthening activities and seeking new markets.<\/p>\n<p>Today, Mlinotest is a modern manufacturer of <strong>pasta, flour, grain mill products, bread and pastry, confectionery, gluten-free biscuits<\/strong> and other foods. We are the largest and the most recognised pasta producer in the region. The Mlinotest Group employs 670 people and is active on twenty-five markets. While Mlinotest is building on 150 years of tradition, it also plans its future carefully.<\/p>\n<p><iframe loading=\"lazy\" src=\"https:\/\/www.youtube.com\/embed\/aOO6-qfND3k\" width=\"560\" height=\"450\" frameborder=\"0\" allowfullscreen=\"allowfullscreen\"><\/iframe><\/p>\n<h4><strong>Company profile<\/strong><\/h4>\n<table style=\"height: 224px;\" width=\"641\">\n<tbody>\n<tr>\n<td width=\"226\"><strong>Name of the parent company:<\/strong><\/td>\n<td width=\"246\"><strong>Mlinotest \u017divilska industrija, d. d.<\/strong><\/td>\n<\/tr>\n<tr>\n<td width=\"226\"><strong>Registered office:<\/strong><\/td>\n<td width=\"246\">Tovarni\u0161ka cesta 14, 5270 Ajdov\u0161\u010dina<\/td>\n<\/tr>\n<tr>\n<td width=\"226\"><strong>Telephone:<\/strong><\/td>\n<td width=\"246\">+386 (0)5 36 44 500<\/td>\n<\/tr>\n<tr>\n<td width=\"226\"><strong>E-mail:<\/strong><\/td>\n<td width=\"246\"><a href=\"mailto:info@mlinotest.si\">info@mlinotest.si<\/a><\/td>\n<\/tr>\n<tr>\n<td width=\"226\"><strong>Registration number:<\/strong><\/td>\n<td width=\"246\">5132061000<\/td>\n<\/tr>\n<tr>\n<td width=\"226\"><strong>VAT identification number:<\/strong><\/td>\n<td width=\"246\">SI36195618<\/td>\n<\/tr>\n<\/tbody>\n<\/table>\n<p><a style=\"background-color: #ffffff; font-size: 1rem;\" href=\"http:\/\/www.mlinotest.si\/wp-content\/uploads\/2021\/01\/company_profile.pdf\">MORE<\/a><\/p>\n<h4><strong>Our mission<\/strong><\/h4>\n<ul>\n<li>To create attractive, technologically elaborate perfect culinary products, tailored to and created in accordance with the needs of our customers and consumers, the principles of a healthy diet and modern lifestyle based on tradition;<\/li>\n<li>To contribute to social development, as well as the development and protection of the natural environment through responsible conduct;<\/li>\n<li>To provide employment opportunities and opportunities for professional development with constant concern for our employees.<\/li>\n<\/ul>\n<p>We are accomplishing our mission by selecting the best ingredients, modern technology and employees carefully, and ensuring the best possible quality, At Mlinotest we trust nature, and stand by using naturally produced ingredients only. Our products are made without adding artificial colourings or substances originating from genetically modified organisms.<\/p>\n<h4><strong>Values<\/strong><\/h4>\n<ul>\n<li><strong>Responsibility towards all stakeholders \u2013 customers, suppliers, employees and the environment<\/strong><br \/>\n<em>as our goal is to always meet their expectations.<\/em><\/li>\n<li><strong>Orientation towards consumers,<\/strong><br \/>\n<em>who trust us and expect safe, tasty and healthy products from us which can be prepared quickly and simply and consumed with pleasure.<\/em><\/li>\n<li><strong>Fairness and the spirit of cooperation<\/strong><br \/>\n<em>which strengthens our role and significance in every environment. <\/em><\/li>\n<li><strong>Innovation<\/strong><br \/>\n<em>as we always seek new ideas for quality, tasty and safe products, which we wish to offer to a wide range of our consumers.<\/em><\/li>\n<li><strong>Loyalty<\/strong><br \/>\n<em>We appreciate the loyalty, commitment and knowledge of our employees and their influence on the business success and growth of our company.<\/em><\/li>\n<\/ul>\n<h4><strong>Management <\/strong><\/h4>\n<p>Management Board<\/p>\n<div class=\"d-flex uprava\">\n<div>\n<figure class=\"wp-block-image size-large\"><img decoding=\"async\" class=\"portret-img\" src=\"http:\/\/www.mlinotest.si\/wp-content\/uploads\/2020\/08\/5T4C3652.jpg\" alt=\"\" \/><\/figure>\n<p class=\"white-desc-box\"><strong>Danilo Kobal,<\/strong><br \/>\nChairman of the Management Board<\/p>\n<\/div>\n<div>\n<figure class=\"wp-block-image size-large\"><img decoding=\"async\" class=\"portret-img\" src=\"http:\/\/www.mlinotest.si\/wp-content\/uploads\/2020\/08\/5T4C3385.jpg\" alt=\"\" \/><\/figure>\n<p class=\"white-desc-box\"><strong>Matija Majcenovi\u010d,<\/strong><br \/>\nMember of the Management Board<\/p>\n<\/div>\n<\/div>\n<p>&nbsp;<\/p>\n<p><strong>Contact:<\/strong><br \/>\nTelephone: +386 (0)5 36 44 504<br \/>\nE-mail:\u00a0<a href=\"mailto:tajnistvo@mlinotest.si\">tajnistvo@mlinotest.si<\/a><\/p>\n","protected":false},"excerpt":{"rendered":"<p>Mlinotest \u2013 a modern company with a tradition of 150 years. Mlinotest\u2019s tradition&#8230;<\/p>\n","protected":false},"author":1,"featured_media":0,"parent":0,"menu_order":0,"comment_status":"closed","ping_status":"closed","template":"page-templates\/template-podjetje.php","meta":{"_acf_changed":false,"footnotes":""},"class_list":["post-4535","page","type-page","status-publish","hentry"],"acf":[],"yoast_head":"<!-- This site is optimized with the Yoast SEO plugin v27.4 - https:\/\/yoast.com\/product\/yoast-seo-wordpress\/ -->\n<title>About us - Mlinotest<\/title>\n<meta name=\"robots\" content=\"index, follow, max-snippet:-1, max-image-preview:large, max-video-preview:-1\" \/>\n<link rel=\"canonical\" href=\"http:\/\/www.mlinotest.si\/en\/about-us\/\" \/>\n<meta property=\"og:locale\" content=\"en_US\" \/>\n<meta property=\"og:type\" content=\"article\" \/>\n<meta property=\"og:title\" content=\"About us - Mlinotest\" \/>\n<meta property=\"og:description\" content=\"Mlinotest \u2013 a modern company with a tradition of 150 years. Mlinotest\u2019s tradition...\" \/>\n<meta property=\"og:url\" content=\"http:\/\/www.mlinotest.si\/en\/about-us\/\" \/>\n<meta property=\"og:site_name\" content=\"Mlinotest\" \/>\n<meta property=\"article:modified_time\" content=\"2023-09-14T13:12:07+00:00\" \/>\n<meta property=\"og:image\" content=\"http:\/\/www.mlinotest.si\/wp-content\/uploads\/2023\/09\/Mlinotest_WEB_003-nov-logo.jpg\" \/>\n<meta name=\"twitter:card\" content=\"summary_large_image\" \/>\n<meta name=\"twitter:label1\" content=\"Est. reading time\" \/>\n\t<meta name=\"twitter:data1\" content=\"3 minutes\" \/>\n<script type=\"application\/ld+json\" class=\"yoast-schema-graph\">{\"@context\":\"https:\\\/\\\/schema.org\",\"@graph\":[{\"@type\":\"WebPage\",\"@id\":\"http:\\\/\\\/www.mlinotest.si\\\/en\\\/about-us\\\/\",\"url\":\"http:\\\/\\\/www.mlinotest.si\\\/en\\\/about-us\\\/\",\"name\":\"About us - Mlinotest\",\"isPartOf\":{\"@id\":\"http:\\\/\\\/www.mlinotest.si\\\/#website\"},\"primaryImageOfPage\":{\"@id\":\"http:\\\/\\\/www.mlinotest.si\\\/en\\\/about-us\\\/#primaryimage\"},\"image\":{\"@id\":\"http:\\\/\\\/www.mlinotest.si\\\/en\\\/about-us\\\/#primaryimage\"},\"thumbnailUrl\":\"http:\\\/\\\/www.mlinotest.si\\\/wp-content\\\/uploads\\\/2023\\\/09\\\/Mlinotest_WEB_003-nov-logo.jpg\",\"datePublished\":\"2018-09-03T07:11:59+00:00\",\"dateModified\":\"2023-09-14T13:12:07+00:00\",\"breadcrumb\":{\"@id\":\"http:\\\/\\\/www.mlinotest.si\\\/en\\\/about-us\\\/#breadcrumb\"},\"inLanguage\":\"en-US\",\"potentialAction\":[{\"@type\":\"ReadAction\",\"target\":[\"http:\\\/\\\/www.mlinotest.si\\\/en\\\/about-us\\\/\"]}]},{\"@type\":\"ImageObject\",\"inLanguage\":\"en-US\",\"@id\":\"http:\\\/\\\/www.mlinotest.si\\\/en\\\/about-us\\\/#primaryimage\",\"url\":\"http:\\\/\\\/www.mlinotest.si\\\/wp-content\\\/uploads\\\/2023\\\/09\\\/Mlinotest_WEB_003-nov-logo.jpg\",\"contentUrl\":\"http:\\\/\\\/www.mlinotest.si\\\/wp-content\\\/uploads\\\/2023\\\/09\\\/Mlinotest_WEB_003-nov-logo.jpg\"},{\"@type\":\"BreadcrumbList\",\"@id\":\"http:\\\/\\\/www.mlinotest.si\\\/en\\\/about-us\\\/#breadcrumb\",\"itemListElement\":[{\"@type\":\"ListItem\",\"position\":1,\"name\":\"Home\",\"item\":\"https:\\\/\\\/www.mlinotest.si\\\/en\\\/\"},{\"@type\":\"ListItem\",\"position\":2,\"name\":\"About us\"}]},{\"@type\":\"WebSite\",\"@id\":\"http:\\\/\\\/www.mlinotest.si\\\/#website\",\"url\":\"http:\\\/\\\/www.mlinotest.si\\\/\",\"name\":\"Mlinotest\",\"description\":\"Dobrodo\u0161li za na\u0161o mizo\",\"potentialAction\":[{\"@type\":\"SearchAction\",\"target\":{\"@type\":\"EntryPoint\",\"urlTemplate\":\"http:\\\/\\\/www.mlinotest.si\\\/?s={search_term_string}\"},\"query-input\":{\"@type\":\"PropertyValueSpecification\",\"valueRequired\":true,\"valueName\":\"search_term_string\"}}],\"inLanguage\":\"en-US\"}]}<\/script>\n<!-- \/ Yoast SEO plugin. -->","yoast_head_json":{"title":"About us - Mlinotest","robots":{"index":"index","follow":"follow","max-snippet":"max-snippet:-1","max-image-preview":"max-image-preview:large","max-video-preview":"max-video-preview:-1"},"canonical":"http:\/\/www.mlinotest.si\/en\/about-us\/","og_locale":"en_US","og_type":"article","og_title":"About us - Mlinotest","og_description":"Mlinotest \u2013 a modern company with a tradition of 150 years. Mlinotest\u2019s tradition...","og_url":"http:\/\/www.mlinotest.si\/en\/about-us\/","og_site_name":"Mlinotest","article_modified_time":"2023-09-14T13:12:07+00:00","og_image":[{"url":"http:\/\/www.mlinotest.si\/wp-content\/uploads\/2023\/09\/Mlinotest_WEB_003-nov-logo.jpg","type":"","width":"","height":""}],"twitter_card":"summary_large_image","twitter_misc":{"Est. reading time":"3 minutes"},"schema":{"@context":"https:\/\/schema.org","@graph":[{"@type":"WebPage","@id":"http:\/\/www.mlinotest.si\/en\/about-us\/","url":"http:\/\/www.mlinotest.si\/en\/about-us\/","name":"About us - Mlinotest","isPartOf":{"@id":"http:\/\/www.mlinotest.si\/#website"},"primaryImageOfPage":{"@id":"http:\/\/www.mlinotest.si\/en\/about-us\/#primaryimage"},"image":{"@id":"http:\/\/www.mlinotest.si\/en\/about-us\/#primaryimage"},"thumbnailUrl":"http:\/\/www.mlinotest.si\/wp-content\/uploads\/2023\/09\/Mlinotest_WEB_003-nov-logo.jpg","datePublished":"2018-09-03T07:11:59+00:00","dateModified":"2023-09-14T13:12:07+00:00","breadcrumb":{"@id":"http:\/\/www.mlinotest.si\/en\/about-us\/#breadcrumb"},"inLanguage":"en-US","potentialAction":[{"@type":"ReadAction","target":["http:\/\/www.mlinotest.si\/en\/about-us\/"]}]},{"@type":"ImageObject","inLanguage":"en-US","@id":"http:\/\/www.mlinotest.si\/en\/about-us\/#primaryimage","url":"http:\/\/www.mlinotest.si\/wp-content\/uploads\/2023\/09\/Mlinotest_WEB_003-nov-logo.jpg","contentUrl":"http:\/\/www.mlinotest.si\/wp-content\/uploads\/2023\/09\/Mlinotest_WEB_003-nov-logo.jpg"},{"@type":"BreadcrumbList","@id":"http:\/\/www.mlinotest.si\/en\/about-us\/#breadcrumb","itemListElement":[{"@type":"ListItem","position":1,"name":"Home","item":"https:\/\/www.mlinotest.si\/en\/"},{"@type":"ListItem","position":2,"name":"About us"}]},{"@type":"WebSite","@id":"http:\/\/www.mlinotest.si\/#website","url":"http:\/\/www.mlinotest.si\/","name":"Mlinotest","description":"Dobrodo\u0161li za na\u0161o mizo","potentialAction":[{"@type":"SearchAction","target":{"@type":"EntryPoint","urlTemplate":"http:\/\/www.mlinotest.si\/?s={search_term_string}"},"query-input":{"@type":"PropertyValueSpecification","valueRequired":true,"valueName":"search_term_string"}}],"inLanguage":"en-US"}]}},"_links":{"self":[{"href":"https:\/\/www.mlinotest.si\/en\/wp-json\/wp\/v2\/pages\/4535","targetHints":{"allow":["GET"]}}],"collection":[{"href":"https:\/\/www.mlinotest.si\/en\/wp-json\/wp\/v2\/pages"}],"about":[{"href":"https:\/\/www.mlinotest.si\/en\/wp-json\/wp\/v2\/types\/page"}],"author":[{"embeddable":true,"href":"https:\/\/www.mlinotest.si\/en\/wp-json\/wp\/v2\/users\/1"}],"replies":[{"embeddable":true,"href":"https:\/\/www.mlinotest.si\/en\/wp-json\/wp\/v2\/comments?post=4535"}],"version-history":[{"count":1,"href":"https:\/\/www.mlinotest.si\/en\/wp-json\/wp\/v2\/pages\/4535\/revisions"}],"predecessor-version":[{"id":53794,"href":"https:\/\/www.mlinotest.si\/en\/wp-json\/wp\/v2\/pages\/4535\/revisions\/53794"}],"wp:attachment":[{"href":"https:\/\/www.mlinotest.si\/en\/wp-json\/wp\/v2\/media?parent=4535"}],"curies":[{"name":"wp","href":"https:\/\/api.w.org\/{rel}","templated":true}]}}